{"id":1365,"date":"2026-04-23T23:23:13","date_gmt":"2026-04-23T23:23:13","guid":{"rendered":"https:\/\/lifetraceglobal.com\/?page_id=1365"},"modified":"2026-04-26T15:23:11","modified_gmt":"2026-04-26T15:23:11","slug":"energia-estado-de-animo","status":"publish","type":"page","link":"https:\/\/lifetraceglobal.com\/?page_id=1365","title":{"rendered":"Energ\u00eda &amp; estado de \u00e1nimo"},"content":{"rendered":"\n<div class=\"wp-block-cover is-light\" style=\"min-height:500px;aspect-ratio:unset;\"><img loading=\"lazy\" decoding=\"async\" width=\"1376\" height=\"768\" class=\"wp-block-cover__image-background wp-image-1646 size-full\" alt=\"\" src=\"https:\/\/lifetraceglobal.com\/wp-content\/uploads\/2026\/04\/flux-dev_Minimalist_beige_background_with_soft_natural_light_and_subtle_leaf_shadows._ONL-1.jpg\" style=\"object-position:95% 78%\" data-object-fit=\"cover\" data-object-position=\"95% 78%\" srcset=\"https:\/\/lifetraceglobal.com\/wp-content\/uploads\/2026\/04\/flux-dev_Minimalist_beige_background_with_soft_natural_light_and_subtle_leaf_shadows._ONL-1.jpg 1376w, https:\/\/lifetraceglobal.com\/wp-content\/uploads\/2026\/04\/flux-dev_Minimalist_beige_background_with_soft_natural_light_and_subtle_leaf_shadows._ONL-1-300x167.jpg 300w, https:\/\/lifetraceglobal.com\/wp-content\/uploads\/2026\/04\/flux-dev_Minimalist_beige_background_with_soft_natural_light_and_subtle_leaf_shadows._ONL-1-1024x572.jpg 1024w, https:\/\/lifetraceglobal.com\/wp-content\/uploads\/2026\/04\/flux-dev_Minimalist_beige_background_with_soft_natural_light_and_subtle_leaf_shadows._ONL-1-768x429.jpg 768w\" sizes=\"auto, (max-width: 1376px) 100vw, 1376px\" \/><span aria-hidden=\"true\" class=\"wp-block-cover__background has-theme-palette-9-background-color has-background-dim-20 has-background-dim\"><\/span><div class=\"wp-block-cover__inner-container is-layout-constrained wp-block-cover-is-layout-constrained\">\n<p class=\"has-text-align-center has-large-font-size\"><\/p>\n<\/div><\/div>\n\n\n\n<div class=\"wp-block-group\"><div class=\"wp-block-group__inner-container is-layout-constrained wp-block-group-is-layout-constrained\">\n<p>La energ\u00eda no es solo f\u00edsica.<\/p>\n\n\n\n<p>Tambi\u00e9n es mental, emocional y cotidiana.<\/p>\n\n\n\n<p>En esta secci\u00f3n vas a encontrar herramientas simples para mejorar c\u00f3mo te sent\u00eds d\u00eda a d\u00eda.<\/p>\n<\/div><\/div>\n\n\n\n<div class=\"wp-block-group\" style=\"padding-top:30px;padding-right:30px;padding-bottom:30px;padding-left:30px\"><div class=\"wp-block-group__inner-container is-layout-flow wp-block-group-is-layout-flow\">\n<div class=\"wp-block-group\" style=\"padding-top:30px;padding-right:30px;padding-bottom:30px;padding-left:30px\"><div class=\"wp-block-group__inner-container is-layout-flow wp-block-group-is-layout-flow\">\n<div class=\"wp-block-columns is-layout-flex wp-container-core-columns-is-layout-9d6595d7 wp-block-columns-is-layout-flex\">\n<div class=\"wp-block-column is-layout-flow wp-block-column-is-layout-flow\" style=\"flex-basis:50%\">\n<div class=\"wp-block-query is-layout-flow wp-block-query-is-layout-flow\"><ul class=\"wp-block-post-template is-layout-flow wp-block-post-template-is-layout-flow\"><li class=\"wp-block-post post-993 post type-post status-publish format-standard has-post-thumbnail hentry category-energia-estado-de-animo\">\n\n<div class=\"wp-block-columns are-vertically-aligned-center is-layout-flex wp-container-core-columns-is-layout-9d6595d7 wp-block-columns-is-layout-flex\">\n<div class=\"wp-block-column is-vertically-aligned-center is-layout-flow wp-block-column-is-layout-flow\" style=\"flex-basis:25%\"><figure class=\"wp-block-post-featured-image\"><a href=\"https:\/\/lifetraceglobal.com\/?p=993\" target=\"_self\"  ><img loading=\"lazy\" decoding=\"async\" width=\"1376\" height=\"768\" src=\"https:\/\/lifetraceglobal.com\/wp-content\/uploads\/2026\/04\/flux-dev_minimal_editorial_wellness_scene_very_small_omega-3_capsules_placed_on_the_right-0.jpg\" class=\"attachment-post-thumbnail size-post-thumbnail wp-post-image\" alt=\"Omega-3 y estado de \u00e1nimo\" style=\"border-radius:10px;object-fit:cover;\" srcset=\"https:\/\/lifetraceglobal.com\/wp-content\/uploads\/2026\/04\/flux-dev_minimal_editorial_wellness_scene_very_small_omega-3_capsules_placed_on_the_right-0.jpg 1376w, https:\/\/lifetraceglobal.com\/wp-content\/uploads\/2026\/04\/flux-dev_minimal_editorial_wellness_scene_very_small_omega-3_capsules_placed_on_the_right-0-300x167.jpg 300w, https:\/\/lifetraceglobal.com\/wp-content\/uploads\/2026\/04\/flux-dev_minimal_editorial_wellness_scene_very_small_omega-3_capsules_placed_on_the_right-0-1024x572.jpg 1024w, https:\/\/lifetraceglobal.com\/wp-content\/uploads\/2026\/04\/flux-dev_minimal_editorial_wellness_scene_very_small_omega-3_capsules_placed_on_the_right-0-768x429.jpg 768w\" sizes=\"auto, (max-width: 1376px) 100vw, 1376px\" \/><\/a><\/figure><\/div>\n\n\n\n<div class=\"wp-block-column is-vertically-aligned-center is-layout-flow wp-block-column-is-layout-flow\" style=\"flex-basis:75%\"><h3 class=\"wp-block-post-title\"><a href=\"https:\/\/lifetraceglobal.com\/?p=993\" target=\"_self\" >Omega-3 y estado de \u00e1nimo<\/a><\/h3>\n\n\n<p>Mejora el estado de \u00e1nimo con omega-3 y peque\u00f1os h\u00e1bitos diarios.<\/p>\n<\/div>\n<\/div>\n\n<\/li><\/ul><\/div>\n<\/div>\n<\/div>\n<\/div><\/div>\n<\/div><\/div>\n","protected":false},"excerpt":{"rendered":"<p>La energ\u00eda no es solo f\u00edsica. Tambi\u00e9n es mental, emocional y cotidiana. En esta secci\u00f3n vas a encontrar herramientas simples para mejorar c\u00f3mo te sent\u00eds d\u00eda a d\u00eda.<\/p>\n","protected":false},"author":1,"featured_media":1058,"parent":0,"menu_order":0,"comment_status":"closed","ping_status":"closed","template":"","meta":{"_acf_changed":false,"_kad_post_transparent":"enable","_kad_post_title":"hide","_kad_post_layout":"fullwidth","_kad_post_sidebar_id":"","_kad_post_content_style":"unboxed","_kad_post_vertical_padding":"default","_kad_post_feature":"","_kad_post_feature_position":"","_kad_post_header":false,"_kad_post_footer":false,"_kad_post_classname":"","footnotes":""},"class_list":["post-1365","page","type-page","status-publish","has-post-thumbnail","hentry"],"acf":[],"_hostinger_reach_plugin_has_subscription_block":false,"_hostinger_reach_plugin_is_elementor":false,"_links":{"self":[{"href":"https:\/\/lifetraceglobal.com\/index.php?rest_route=\/wp\/v2\/pages\/1365","targetHints":{"allow":["GET"]}}],"collection":[{"href":"https:\/\/lifetraceglobal.com\/index.php?rest_route=\/wp\/v2\/pages"}],"about":[{"href":"https:\/\/lifetraceglobal.com\/index.php?rest_route=\/wp\/v2\/types\/page"}],"author":[{"embeddable":true,"href":"https:\/\/lifetraceglobal.com\/index.php?rest_route=\/wp\/v2\/users\/1"}],"replies":[{"embeddable":true,"href":"https:\/\/lifetraceglobal.com\/index.php?rest_route=%2Fwp%2Fv2%2Fcomments&post=1365"}],"version-history":[{"count":132,"href":"https:\/\/lifetraceglobal.com\/index.php?rest_route=\/wp\/v2\/pages\/1365\/revisions"}],"predecessor-version":[{"id":1649,"href":"https:\/\/lifetraceglobal.com\/index.php?rest_route=\/wp\/v2\/pages\/1365\/revisions\/1649"}],"wp:featuredmedia":[{"embeddable":true,"href":"https:\/\/lifetraceglobal.com\/index.php?rest_route=\/wp\/v2\/media\/1058"}],"wp:attachment":[{"href":"https:\/\/lifetraceglobal.com\/index.php?rest_route=%2Fwp%2Fv2%2Fmedia&parent=1365"}],"curies":[{"name":"wp","href":"https:\/\/api.w.org\/{rel}","templated":true}]}}