{"id":819,"date":"2026-04-18T17:10:22","date_gmt":"2026-04-18T17:10:22","guid":{"rendered":"https:\/\/lifetraceglobal.com\/?page_id=819"},"modified":"2026-04-26T14:45:47","modified_gmt":"2026-04-26T14:45:47","slug":"home2","status":"publish","type":"page","link":"https:\/\/lifetraceglobal.com\/?page_id=819","title":{"rendered":"Home"},"content":{"rendered":"\n<div class=\"wp-block-cover alignfull is-light has-custom-content-position is-position-center-right\" style=\"margin-bottom:0;min-height:500px;aspect-ratio:unset;\"><img loading=\"lazy\" decoding=\"async\" width=\"1024\" height=\"572\" class=\"wp-block-cover__image-background wp-image-1457 size-large\" alt=\"\" src=\"https:\/\/lifetraceglobal.com\/wp-content\/uploads\/2026\/04\/flux-dev_professional_photo_of_Minimal_wellness_website_hero_background_soft_beige_and_wa-0-1024x572.jpg\" style=\"object-position:92% 88%\" data-object-fit=\"cover\" data-object-position=\"92% 88%\" srcset=\"https:\/\/lifetraceglobal.com\/wp-content\/uploads\/2026\/04\/flux-dev_professional_photo_of_Minimal_wellness_website_hero_background_soft_beige_and_wa-0-1024x572.jpg 1024w, https:\/\/lifetraceglobal.com\/wp-content\/uploads\/2026\/04\/flux-dev_professional_photo_of_Minimal_wellness_website_hero_background_soft_beige_and_wa-0-300x167.jpg 300w, https:\/\/lifetraceglobal.com\/wp-content\/uploads\/2026\/04\/flux-dev_professional_photo_of_Minimal_wellness_website_hero_background_soft_beige_and_wa-0-768x429.jpg 768w, https:\/\/lifetraceglobal.com\/wp-content\/uploads\/2026\/04\/flux-dev_professional_photo_of_Minimal_wellness_website_hero_background_soft_beige_and_wa-0.jpg 1376w\" sizes=\"auto, (max-width: 1024px) 100vw, 1024px\" \/><span aria-hidden=\"true\" class=\"wp-block-cover__background has-background-dim-0 has-background-dim\"><\/span><div class=\"wp-block-cover__inner-container is-layout-constrained wp-block-cover-is-layout-constrained\">\n<p class=\"has-text-align-center has-large-font-size\"><\/p>\n<\/div><\/div>\n\n\n\n<div class=\"wp-block-columns alignwide cards-vibrance has-background has-small-font-size is-layout-flex wp-container-core-columns-is-layout-53134fd6 wp-block-columns-is-layout-flex\" style=\"background-color:#fcfaf6;padding-top:var(--wp--preset--spacing--40);padding-right:var(--wp--preset--spacing--80);padding-left:var(--wp--preset--spacing--80)\">\n<div class=\"wp-block-column is-vertically-aligned-top has-background is-layout-flow wp-block-column-is-layout-flow\" style=\"border-radius:12px;background-color:#faf7f2;padding-top:30px;padding-bottom:30px\">\n<h5 class=\"wp-block-heading has-text-align-center\" style=\"font-size:18px\"><br><a href=\"https:\/\/lifetraceglobal.com\/?page_id=1365\" data-type=\"page\" data-id=\"1365\">Energ\u00eda &amp; estado de \u00e1nimo<\/a><\/h5>\n\n\n\n<p class=\"has-text-align-center\"><em>Energ\u00eda, foco y estabilidad emocional.<\/em><\/p>\n<\/div>\n\n\n\n<div class=\"wp-block-column is-vertically-aligned-top has-background is-layout-flow wp-block-column-is-layout-flow\" style=\"border-radius:12px;background-color:#faf7f2;padding-top:30px;padding-bottom:30px\">\n<h5 class=\"wp-block-heading has-text-align-center\" style=\"font-size:18px\"><br><a href=\"https:\/\/lifetraceglobal.com\/?page_id=1529\" data-type=\"page\" data-id=\"1529\">Sue\u00f1o &amp; recuperaci\u00f3n<\/a><\/h5>\n\n\n\n<p class=\"has-text-align-center\"><em>Descanso real para cuerpo y mente.<\/em><\/p>\n<\/div>\n\n\n\n<div class=\"wp-block-column is-vertically-aligned-top has-background is-layout-flow wp-block-column-is-layout-flow\" style=\"border-radius:12px;background-color:#faf7f2;padding-top:30px;padding-bottom:30px\">\n<h5 class=\"wp-block-heading has-text-align-center\" style=\"font-size:18px\"><br><a href=\"https:\/\/lifetraceglobal.com\/?page_id=1537\" data-type=\"page\" data-id=\"1537\">Cuerpo &amp; rendimiento<\/a><\/h5>\n\n\n\n<p class=\"has-text-align-center\"><em>Movimiento, postura y energ\u00eda f\u00edsica.<\/em><\/p>\n<\/div>\n\n\n\n<div class=\"wp-block-column is-vertically-aligned-top has-background is-layout-flow wp-block-column-is-layout-flow\" style=\"border-radius:12px;background-color:#faf7f2;padding-top:30px;padding-bottom:30px\">\n<h5 class=\"wp-block-heading has-text-align-center\" style=\"font-size:18px\"><br><a href=\"https:\/\/lifetraceglobal.com\/?page_id=1547\" data-type=\"page\" data-id=\"1547\">Nutrici\u00f3n Inteligente<\/a><\/h5>\n\n\n\n<p class=\"has-text-align-center\"><em>Qu\u00e9 comer y c\u00f3mo suplementar mejor.<\/em><\/p>\n<\/div>\n<\/div>\n\n\n\n<p><\/p>\n","protected":false},"excerpt":{"rendered":"<p>Energ\u00eda &amp; estado de \u00e1nimo Energ\u00eda, foco y estabilidad emocional. Sue\u00f1o &amp; recuperaci\u00f3n Descanso real para cuerpo y mente. Cuerpo &amp; rendimiento Movimiento, postura y energ\u00eda f\u00edsica. Nutrici\u00f3n Inteligente Qu\u00e9 comer y c\u00f3mo suplementar mejor.<\/p>\n","protected":false},"author":1,"featured_media":0,"parent":0,"menu_order":0,"comment_status":"closed","ping_status":"closed","template":"","meta":{"_acf_changed":false,"_kad_post_transparent":"enable","_kad_post_title":"hide","_kad_post_layout":"fullwidth","_kad_post_sidebar_id":"","_kad_post_content_style":"unboxed","_kad_post_vertical_padding":"hide","_kad_post_feature":"hide","_kad_post_feature_position":"default","_kad_post_header":false,"_kad_post_footer":false,"_kad_post_classname":"","footnotes":""},"class_list":["post-819","page","type-page","status-publish","hentry"],"acf":[],"_hostinger_reach_plugin_has_subscription_block":false,"_hostinger_reach_plugin_is_elementor":false,"_links":{"self":[{"href":"https:\/\/lifetraceglobal.com\/index.php?rest_route=\/wp\/v2\/pages\/819","targetHints":{"allow":["GET"]}}],"collection":[{"href":"https:\/\/lifetraceglobal.com\/index.php?rest_route=\/wp\/v2\/pages"}],"about":[{"href":"https:\/\/lifetraceglobal.com\/index.php?rest_route=\/wp\/v2\/types\/page"}],"author":[{"embeddable":true,"href":"https:\/\/lifetraceglobal.com\/index.php?rest_route=\/wp\/v2\/users\/1"}],"replies":[{"embeddable":true,"href":"https:\/\/lifetraceglobal.com\/index.php?rest_route=%2Fwp%2Fv2%2Fcomments&post=819"}],"version-history":[{"count":258,"href":"https:\/\/lifetraceglobal.com\/index.php?rest_route=\/wp\/v2\/pages\/819\/revisions"}],"predecessor-version":[{"id":1623,"href":"https:\/\/lifetraceglobal.com\/index.php?rest_route=\/wp\/v2\/pages\/819\/revisions\/1623"}],"wp:attachment":[{"href":"https:\/\/lifetraceglobal.com\/index.php?rest_route=%2Fwp%2Fv2%2Fmedia&parent=819"}],"curies":[{"name":"wp","href":"https:\/\/api.w.org\/{rel}","templated":true}]}}